{"id":791,"date":"2019-08-04T08:40:16","date_gmt":"2019-08-04T06:40:16","guid":{"rendered":"https:\/\/www.ffpjp69.com\/?page_id=791"},"modified":"2019-08-04T08:43:14","modified_gmt":"2019-08-04T06:43:14","slug":"cartes-de-membres","status":"publish","type":"page","link":"https:\/\/www.ffpjp69.com\/index.php\/cartes-de-membres\/","title":{"rendered":"Cartes de membres"},"content":{"rendered":"\t\t<div data-elementor-type=\"wp-post\" data-elementor-id=\"791\" class=\"elementor elementor-791\">\n\t\t\t\t\t\t<div class=\"elementor-inner\">\n\t\t\t\t<div class=\"elementor-section-wrap\">\n\t\t\t\t\t\t\t\t\t<section class=\"elementor-section elementor-top-section elementor-element elementor-element-218faff elementor-section-boxed elementor-section-height-default elementor-section-height-default\" data-id=\"218faff\" data-element_type=\"section\">\n\t\t\t\t\t\t<div class=\"elementor-container elementor-column-gap-default\">\n\t\t\t\t\t\t\t<div class=\"elementor-row\">\n\t\t\t\t\t<div class=\"elementor-column elementor-col-100 elementor-top-column elementor-element elementor-element-f6326fd\" data-id=\"f6326fd\" data-element_type=\"column\">\n\t\t\t<div class=\"elementor-column-wrap elementor-element-populated\">\n\t\t\t\t\t\t\t<div class=\"elementor-widget-wrap\">\n\t\t\t\t\t\t<div class=\"elementor-element elementor-element-36465fc elementor-widget elementor-widget-text-editor\" data-id=\"36465fc\" data-element_type=\"widget\" data-widget_type=\"text-editor.default\">\n\t\t\t\t<div class=\"elementor-widget-container\">\n\t\t\t\t\t\t\t\t<div class=\"elementor-text-editor elementor-clearfix\">\n\t\t\t\t<h1 style=\"mso-margin-top-alt: auto; mso-margin-bottom-alt: auto; text-align: center; line-height: normal; mso-outline-level: 3; background: white; mso-background-themecolor: background1;\"><b><span style=\"color: #0000cc; font-weight: bold;\"><u><span style=\"font-size: 18pt; font-family: 'Times New Roman','serif';\">CARTES de MEMBRES : DANGER <\/span><\/u><u><span style=\"font-size: 13.5pt; font-family: 'Times New Roman','serif';\">!<\/span><\/u><\/span><\/b><\/h1><h6 style=\"mso-margin-top-alt: auto; mso-margin-bottom-alt: auto; text-align: center; line-height: normal;\"><span style=\"font-size: 16px; color: #000000; font-family: 'Times New Roman', 'serif';\">NOTE AUX CLUBS RELATIVE AU DANGER<span style=\"mso-spacerun: yes;\">\u00a0 <\/span>DE LA DELIVRANCE DES CARTES DE MEMBRES A DES JOUEURS NON LICENCIES <br \/>L\u2019article 7 des statuts de la F.F.P.J.P. qui\u00a0s\u2019imposent aux clubs affili\u00e9s\u00a0pr\u00e9cisent que les clubs de P\u00e9tanque et de Jeu Proven\u00e7al\u00a0doivent\u00a0licencier leurs adh\u00e9rents.<\/span><br \/><br \/><span style=\"font-size: 16px; color: #000000; font-family: 'Times New Roman', 'serif';\">De plus, le Code du Sport dans ses articles L 321. 1 et suivants impose \u00e0 toute F\u00e9d\u00e9ration sportive et ses clubs affili\u00e9s de garantir leur responsabilit\u00e9 civile, celle des pr\u00e9pos\u00e9s salari\u00e9s, b\u00e9n\u00e9voles et pratiquants.<\/span><br \/><br \/><span style=\"font-size: 16px; color: #000000; font-family: 'Times New Roman', 'serif';\">Contrairement au simple adh\u00e9rent de club,\u00a0\u00eatre licenci\u00e9 permet d\u2019\u00eatre assur\u00e9\u00a0GRATUITEMENT en responsabilit\u00e9 civile et dommages corporels.<\/span><br \/><br \/><span style=\"font-size: 16px; color: #000000; font-family: 'Times New Roman', 'serif';\">La d\u00e9livrance de cartes de membres \u00e0 des pratiquants non licenci\u00e9s, a donc pour cons\u00e9quence\u00a0:<\/span><br \/><br \/><span style=\"font-size: 16px; color: #000000; font-family: 'Times New Roman', 'serif';\">En cas d\u2019accident CORPOREL, seul le licenci\u00e9 ou b\u00e9n\u00e9vole est assur\u00e9,\u00a0le\u00a0MEMBRE PRATIQUANT non licenci\u00e9 d\u2019un club n\u2019est pas couvert\u00a0;\u00a0d&rsquo;engager la responsabilit\u00e9 p\u00e9nale des dirigeants du club ;<\/span><br \/><br \/><span style=\"font-size: 16px; color: #000000; font-family: 'Times New Roman', 'serif';\">de ne pas r\u00e9pondre \u00e0 l\u2019obligation d\u2019assurer en dommages corporels tous les membres du club\u00a0; s&rsquo;exposer \u00e0 des p\u00e9nalit\u00e9s en cas de sinistre, l&rsquo;effectif total du club n&rsquo;\u00e9tant pas d\u00e9clar\u00e9 \u00e0 la F.F.P.J.P.<\/span><br \/><br \/><span style=\"font-size: 16px; color: #000000; font-family: 'Times New Roman', 'serif';\">La FFPJP n&rsquo;est pas favorable \u00e0 la d\u00e9livrance de cartes de membres car la mise en danger personnelle \u00a0 des responsables de clubs est r\u00e9elle. Toutefois, en cas de n\u00e9cessit\u00e9 administrative, les cartes de membres doivent UNIQUEMENT \u00eatre d\u00e9livr\u00e9es \u00e0 des licenci\u00e9s dans un esprit de convivialit\u00e9.<\/span><br \/><br \/><span style=\"font-size: 16px; color: #000000; font-family: 'Times New Roman', 'serif';\">Il est rappel\u00e9 qu\u2019il est possible d\u2019user de la facult\u00e9 d\u2019organiser des journ\u00e9es portes ouvertes, concours propagande, initiation et d\u00e9couverte de la P\u00e9tanque et du Jeu Proven\u00e7al.<\/span><br \/><br \/><span style=\"font-size: 16px; color: #000000;\"><span style=\"font-size: 10pt; font-family: 'Times New Roman', 'serif';\">Plus de renseignements: Xavier GRANDE<span style=\"color: #003399;\">\u00a0<\/span><\/span><span style=\"font-size: 10.0pt; mso-bidi-font-size: 7.5pt; font-family: 'Times New Roman','serif'; mso-fareast-font-family: 'Times New Roman'; mso-fareast-language: FR;\"><b><a style=\"color: #003399; font-weight: bold; font-style: italic;\" href=\"mailto:xavier.grande@petanque.fr\">xavier.grande@petanque.fr<\/a><\/b>\u00a0(t\u00e9l\u00a0: 04.91.14.50.80 si\u00e8ge de la F.F.P.J.P.)<\/span><\/span><\/h6>\t\t\t\t\t<\/div>\n\t\t\t\t\t\t<\/div>\n\t\t\t\t<\/div>\n\t\t\t\t\t\t<\/div>\n\t\t\t\t\t<\/div>\n\t\t<\/div>\n\t\t\t\t\t\t\t\t<\/div>\n\t\t\t\t\t<\/div>\n\t\t<\/section>\n\t\t\t\t\t\t\t\t\t<\/div>\n\t\t\t<\/div>\n\t\t\t\t\t<\/div>\n\t\t","protected":false},"excerpt":{"rendered":"<p>CARTES de MEMBRES : DANGER ! NOTE AUX CLUBS RELATIVE AU DANGER\u00a0 DE LA DELIVRANCE&#8230;<\/p>\n","protected":false},"author":1,"featured_media":0,"parent":0,"menu_order":0,"comment_status":"closed","ping_status":"closed","template":"","meta":{"footnotes":""},"class_list":["post-791","page","type-page","status-publish","hentry"],"_links":{"self":[{"href":"https:\/\/www.ffpjp69.com\/index.php\/wp-json\/wp\/v2\/pages\/791","targetHints":{"allow":["GET"]}}],"collection":[{"href":"https:\/\/www.ffpjp69.com\/index.php\/wp-json\/wp\/v2\/pages"}],"about":[{"href":"https:\/\/www.ffpjp69.com\/index.php\/wp-json\/wp\/v2\/types\/page"}],"author":[{"embeddable":true,"href":"https:\/\/www.ffpjp69.com\/index.php\/wp-json\/wp\/v2\/users\/1"}],"replies":[{"embeddable":true,"href":"https:\/\/www.ffpjp69.com\/index.php\/wp-json\/wp\/v2\/comments?post=791"}],"version-history":[{"count":1,"href":"https:\/\/www.ffpjp69.com\/index.php\/wp-json\/wp\/v2\/pages\/791\/revisions"}],"predecessor-version":[{"id":6958,"href":"https:\/\/www.ffpjp69.com\/index.php\/wp-json\/wp\/v2\/pages\/791\/revisions\/6958"}],"wp:attachment":[{"href":"https:\/\/www.ffpjp69.com\/index.php\/wp-json\/wp\/v2\/media?parent=791"}],"curies":[{"name":"wp","href":"https:\/\/api.w.org\/{rel}","templated":true}]}}