{"id":6131,"date":"2022-03-10T15:37:08","date_gmt":"2022-03-10T14:37:08","guid":{"rendered":"https:\/\/www.ffpjp69.com\/?page_id=6131"},"modified":"2026-03-26T08:42:43","modified_gmt":"2026-03-26T07:42:43","slug":"tirage-et-resultats-cdc-feminin","status":"publish","type":"page","link":"https:\/\/www.ffpjp69.com\/index.php\/tirage-et-resultats-cdc-feminin\/","title":{"rendered":"Tirage et r\u00e9sultats CDC F\u00e9minin"},"content":{"rendered":"\t\t<div data-elementor-type=\"wp-page\" data-elementor-id=\"6131\" class=\"elementor elementor-6131\">\n\t\t\t\t\t\t<div class=\"elementor-inner\">\n\t\t\t\t<div class=\"elementor-section-wrap\">\n\t\t\t\t\t\t\t\t\t<section class=\"elementor-section elementor-top-section elementor-element elementor-element-e99af28 elementor-section-boxed elementor-section-height-default elementor-section-height-default\" data-id=\"e99af28\" data-element_type=\"section\">\n\t\t\t\t\t\t<div class=\"elementor-container elementor-column-gap-default\">\n\t\t\t\t\t\t\t<div class=\"elementor-row\">\n\t\t\t\t\t<div class=\"elementor-column elementor-col-100 elementor-top-column elementor-element elementor-element-94806ca\" data-id=\"94806ca\" data-element_type=\"column\">\n\t\t\t<div class=\"elementor-column-wrap elementor-element-populated\">\n\t\t\t\t\t\t\t<div class=\"elementor-widget-wrap\">\n\t\t\t\t\t\t<div class=\"elementor-element elementor-element-26a4d6e elementor-widget elementor-widget-text-editor\" data-id=\"26a4d6e\" data-element_type=\"widget\" data-widget_type=\"text-editor.default\">\n\t\t\t\t<div class=\"elementor-widget-container\">\n\t\t\t\t\t\t\t\t<div class=\"elementor-text-editor elementor-clearfix\">\n\t\t\t\t<h1 style=\"text-align: center;\"><span style=\"color: #000000;\"><strong style=\"text-align: center;\">2026<\/strong><\/span><\/h1><p style=\"text-align: center;\"><strong style=\"color: #cd1c1c; text-align: center;\">Sous r\u00e9serve de modification de lieux de rencontres<\/strong><\/p><p style=\"text-align: center;\"><strong>Attention aux rencontres du dimanche 31 mai qui auront lieu uniquement le matin.<\/strong><\/p>\t\t\t\t\t<\/div>\n\t\t\t\t\t\t<\/div>\n\t\t\t\t<\/div>\n\t\t\t\t\t\t<\/div>\n\t\t\t\t\t<\/div>\n\t\t<\/div>\n\t\t\t\t\t\t\t\t<\/div>\n\t\t\t\t\t<\/div>\n\t\t<\/section>\n\t\t\t\t<section class=\"elementor-section elementor-top-section elementor-element elementor-element-5bb4bb0 elementor-section-boxed elementor-section-height-default elementor-section-height-default\" data-id=\"5bb4bb0\" data-element_type=\"section\">\n\t\t\t\t\t\t<div class=\"elementor-container elementor-column-gap-default\">\n\t\t\t\t\t\t\t<div class=\"elementor-row\">\n\t\t\t\t\t<div class=\"elementor-column elementor-col-100 elementor-top-column elementor-element elementor-element-3038f61\" data-id=\"3038f61\" data-element_type=\"column\">\n\t\t\t<div class=\"elementor-column-wrap elementor-element-populated\">\n\t\t\t\t\t\t\t<div class=\"elementor-widget-wrap\">\n\t\t\t\t\t\t<div class=\"elementor-element elementor-element-e8272a6 elementor-widget elementor-widget-pdfjs_viewer\" data-id=\"e8272a6\" data-element_type=\"widget\" data-widget_type=\"pdfjs_viewer.default\">\n\t\t\t\t<div class=\"elementor-widget-container\">\n\t\t\t<iframe src=\"https:\/\/www.ffpjp69.com\/wp-content\/plugins\/pdf-viewer-for-elementor\/assets\/pdfjs\/web\/viewer.html?file=https:\/\/www.ffpjp69.com\/wp-content\/uploads\/2026\/02\/cdc-feminin-2026.pdf&amp;embedded=true\" style=\"display: block; margin-left: auto; margin-right: auto; width: 640px; height: 1020px;\" frameborder=\"1\" marginheight=\"0px\" marginwidth=\"0px\" allowfullscreen><\/iframe>\t\t<\/div>\n\t\t\t\t<\/div>\n\t\t\t\t\t\t<\/div>\n\t\t\t\t\t<\/div>\n\t\t<\/div>\n\t\t\t\t\t\t\t\t<\/div>\n\t\t\t\t\t<\/div>\n\t\t<\/section>\n\t\t\t\t<section class=\"elementor-section elementor-top-section elementor-element elementor-element-2a6c6b5 elementor-section-boxed elementor-section-height-default elementor-section-height-default\" data-id=\"2a6c6b5\" data-element_type=\"section\">\n\t\t\t\t\t\t<div class=\"elementor-container elementor-column-gap-default\">\n\t\t\t\t\t\t\t<div class=\"elementor-row\">\n\t\t\t\t\t<div class=\"elementor-column elementor-col-100 elementor-top-column elementor-element elementor-element-98d3402\" data-id=\"98d3402\" data-element_type=\"column\">\n\t\t\t<div class=\"elementor-column-wrap elementor-element-populated\">\n\t\t\t\t\t\t\t<div class=\"elementor-widget-wrap\">\n\t\t\t\t\t\t<div class=\"elementor-element elementor-element-2830fb3 elementor-widget elementor-widget-text-editor\" data-id=\"2830fb3\" data-element_type=\"widget\" data-widget_type=\"text-editor.default\">\n\t\t\t\t<div class=\"elementor-widget-container\">\n\t\t\t\t\t\t\t\t<div class=\"elementor-text-editor elementor-clearfix\">\n\t\t\t\t<h5><span style=\"color: #800000;\">Calcul des points :<\/span><\/h5><div><span style=\"color: #800000;\">Rencontre gagn\u00e9e 3 pts<\/span><br \/><span style=\"color: #800000;\">Match nul\u00a0 \u00a0 \u00a0 \u00a0 \u00a0 \u00a0 \u00a0 \u00a0 2 pts<\/span><br \/><span style=\"color: #800000;\">Rencontre perdue\u00a0 1 pts<\/span><br \/><span style=\"color: #800000;\">Le goal average et le classement seront calcul\u00e9s apr\u00e8s la derni\u00e8re rencontre.<\/span><\/div><div><span style=\"color: #800000;\">\u00a0<\/span><\/div><div><span style=\"color: #800000;\">Sous r\u00e9serve des mont\u00e9es ou descentes d&rsquo;\u00e9quipes de CRC, et en dehors de la premi\u00e8re division qui demandera un barrage pour l&rsquo;accession en CRC, les premiers de poules montent en division sup\u00e9rieure, les deuxi\u00e8mes, troisi\u00e8mes et quatri\u00e8mes sont maintenus et les cinqui\u00e8mes et sixi\u00e8mes descendent en division inf\u00e9rieure.<\/span><\/div>\t\t\t\t\t<\/div>\n\t\t\t\t\t\t<\/div>\n\t\t\t\t<\/div>\n\t\t\t\t\t\t<\/div>\n\t\t\t\t\t<\/div>\n\t\t<\/div>\n\t\t\t\t\t\t\t\t<\/div>\n\t\t\t\t\t<\/div>\n\t\t<\/section>\n\t\t\t\t\t\t\t\t\t<\/div>\n\t\t\t<\/div>\n\t\t\t\t\t<\/div>\n\t\t","protected":false},"excerpt":{"rendered":"<p>2026 Sous r\u00e9serve de modification de lieux de rencontres Attention aux rencontres du dimanche 31&#8230;<\/p>\n","protected":false},"author":1,"featured_media":5690,"parent":0,"menu_order":0,"comment_status":"closed","ping_status":"closed","template":"","meta":{"footnotes":""},"class_list":["post-6131","page","type-page","status-publish","has-post-thumbnail","hentry"],"_links":{"self":[{"href":"https:\/\/www.ffpjp69.com\/index.php\/wp-json\/wp\/v2\/pages\/6131","targetHints":{"allow":["GET"]}}],"collection":[{"href":"https:\/\/www.ffpjp69.com\/index.php\/wp-json\/wp\/v2\/pages"}],"about":[{"href":"https:\/\/www.ffpjp69.com\/index.php\/wp-json\/wp\/v2\/types\/page"}],"author":[{"embeddable":true,"href":"https:\/\/www.ffpjp69.com\/index.php\/wp-json\/wp\/v2\/users\/1"}],"replies":[{"embeddable":true,"href":"https:\/\/www.ffpjp69.com\/index.php\/wp-json\/wp\/v2\/comments?post=6131"}],"version-history":[{"count":221,"href":"https:\/\/www.ffpjp69.com\/index.php\/wp-json\/wp\/v2\/pages\/6131\/revisions"}],"predecessor-version":[{"id":19245,"href":"https:\/\/www.ffpjp69.com\/index.php\/wp-json\/wp\/v2\/pages\/6131\/revisions\/19245"}],"wp:featuredmedia":[{"embeddable":true,"href":"https:\/\/www.ffpjp69.com\/index.php\/wp-json\/wp\/v2\/media\/5690"}],"wp:attachment":[{"href":"https:\/\/www.ffpjp69.com\/index.php\/wp-json\/wp\/v2\/media?parent=6131"}],"curies":[{"name":"wp","href":"https:\/\/api.w.org\/{rel}","templated":true}]}}