{"id":6080,"date":"2022-03-09T15:46:57","date_gmt":"2022-03-09T14:46:57","guid":{"rendered":"https:\/\/www.ffpjp69.com\/?page_id=6080"},"modified":"2026-04-14T09:45:00","modified_gmt":"2026-04-14T07:45:00","slug":"tirage-et-resultats-cdc-veterans","status":"publish","type":"page","link":"https:\/\/www.ffpjp69.com\/index.php\/tirage-et-resultats-cdc-veterans\/","title":{"rendered":"Tirage et r\u00e9sultats CDC v\u00e9t\u00e9rans"},"content":{"rendered":"\t\t<div data-elementor-type=\"wp-page\" data-elementor-id=\"6080\" class=\"elementor elementor-6080\">\n\t\t\t\t\t\t<div class=\"elementor-inner\">\n\t\t\t\t<div class=\"elementor-section-wrap\">\n\t\t\t\t\t\t\t\t\t<section class=\"elementor-section elementor-top-section elementor-element elementor-element-d0b7864 elementor-section-boxed elementor-section-height-default elementor-section-height-default\" data-id=\"d0b7864\" data-element_type=\"section\">\n\t\t\t\t\t\t<div class=\"elementor-container elementor-column-gap-default\">\n\t\t\t\t\t\t\t<div class=\"elementor-row\">\n\t\t\t\t\t<div class=\"elementor-column elementor-col-100 elementor-top-column elementor-element elementor-element-6724a47\" data-id=\"6724a47\" data-element_type=\"column\">\n\t\t\t<div class=\"elementor-column-wrap elementor-element-populated\">\n\t\t\t\t\t\t\t<div class=\"elementor-widget-wrap\">\n\t\t\t\t\t\t<div class=\"elementor-element elementor-element-8f28263 elementor-widget elementor-widget-text-editor\" data-id=\"8f28263\" data-element_type=\"widget\" data-widget_type=\"text-editor.default\">\n\t\t\t\t<div class=\"elementor-widget-container\">\n\t\t\t\t\t\t\t\t<div class=\"elementor-text-editor elementor-clearfix\">\n\t\t\t\t<p style=\"text-align: center;\"><strong>Sous r\u00e9serve de modification de lieux de rencontres<\/strong><\/p>\t\t\t\t\t<\/div>\n\t\t\t\t\t\t<\/div>\n\t\t\t\t<\/div>\n\t\t\t\t\t\t<\/div>\n\t\t\t\t\t<\/div>\n\t\t<\/div>\n\t\t\t\t\t\t\t\t<\/div>\n\t\t\t\t\t<\/div>\n\t\t<\/section>\n\t\t\t\t<section class=\"elementor-section elementor-top-section elementor-element elementor-element-079e222 elementor-section-boxed elementor-section-height-default elementor-section-height-default\" data-id=\"079e222\" data-element_type=\"section\">\n\t\t\t\t\t\t<div class=\"elementor-container elementor-column-gap-default\">\n\t\t\t\t\t\t\t<div class=\"elementor-row\">\n\t\t\t\t\t<div class=\"elementor-column elementor-col-100 elementor-top-column elementor-element elementor-element-63f6653\" data-id=\"63f6653\" data-element_type=\"column\">\n\t\t\t<div class=\"elementor-column-wrap elementor-element-populated\">\n\t\t\t\t\t\t\t<div class=\"elementor-widget-wrap\">\n\t\t\t\t\t\t<div class=\"elementor-element elementor-element-b634392 elementor-widget elementor-widget-pdfjs_viewer\" data-id=\"b634392\" data-element_type=\"widget\" data-widget_type=\"pdfjs_viewer.default\">\n\t\t\t\t<div class=\"elementor-widget-container\">\n\t\t\t<iframe src=\"https:\/\/www.ffpjp69.com\/wp-content\/plugins\/pdf-viewer-for-elementor\/assets\/pdfjs\/web\/viewer.html?file=https:\/\/www.ffpjp69.com\/wp-content\/uploads\/2026\/04\/CDC-VETERANS-2026-TIRAGES-ET-RESULTATS-1.pdf&amp;embedded=true\" style=\"display: block; margin-left: auto; margin-right: auto; width: 640px; height: 1020px;\" frameborder=\"1\" marginheight=\"0px\" marginwidth=\"0px\" allowfullscreen><\/iframe>\t\t<\/div>\n\t\t\t\t<\/div>\n\t\t\t\t\t\t<\/div>\n\t\t\t\t\t<\/div>\n\t\t<\/div>\n\t\t\t\t\t\t\t\t<\/div>\n\t\t\t\t\t<\/div>\n\t\t<\/section>\n\t\t\t\t<section class=\"elementor-section elementor-top-section elementor-element elementor-element-8cfc07d elementor-section-boxed elementor-section-height-default elementor-section-height-default\" data-id=\"8cfc07d\" data-element_type=\"section\">\n\t\t\t\t\t\t<div class=\"elementor-container elementor-column-gap-default\">\n\t\t\t\t\t\t\t<div class=\"elementor-row\">\n\t\t\t\t\t<div class=\"elementor-column elementor-col-100 elementor-top-column elementor-element elementor-element-db945e9\" data-id=\"db945e9\" data-element_type=\"column\">\n\t\t\t<div class=\"elementor-column-wrap elementor-element-populated\">\n\t\t\t\t\t\t\t<div class=\"elementor-widget-wrap\">\n\t\t\t\t\t\t<div class=\"elementor-element elementor-element-c162312 elementor-widget elementor-widget-text-editor\" data-id=\"c162312\" data-element_type=\"widget\" data-widget_type=\"text-editor.default\">\n\t\t\t\t<div class=\"elementor-widget-container\">\n\t\t\t\t\t\t\t\t<div class=\"elementor-text-editor elementor-clearfix\">\n\t\t\t\t<p>Les 1\/4 de finales des premiers de poules de 3eme division et des 8 meilleurs premiers de 4eme division se joueront le 30 juin .<\/p><p>Les 1\/2 finales des 2eme, 3eme et 4eme divisions se joueront le 22 septembre en matin\u00e9e.<\/p><p>Les finales des quatre divisions se joueront le 22 septembre apr\u00e8s-midi<\/p>\t\t\t\t\t<\/div>\n\t\t\t\t\t\t<\/div>\n\t\t\t\t<\/div>\n\t\t\t\t\t\t<\/div>\n\t\t\t\t\t<\/div>\n\t\t<\/div>\n\t\t\t\t\t\t\t\t<\/div>\n\t\t\t\t\t<\/div>\n\t\t<\/section>\n\t\t\t\t<section class=\"elementor-section elementor-top-section elementor-element elementor-element-6e8c89a elementor-section-boxed elementor-section-height-default elementor-section-height-default\" data-id=\"6e8c89a\" data-element_type=\"section\">\n\t\t\t\t\t\t<div class=\"elementor-container elementor-column-gap-default\">\n\t\t\t\t\t\t\t<div class=\"elementor-row\">\n\t\t\t\t\t<div class=\"elementor-column elementor-col-100 elementor-top-column elementor-element elementor-element-4b41130\" data-id=\"4b41130\" data-element_type=\"column\">\n\t\t\t<div class=\"elementor-column-wrap elementor-element-populated\">\n\t\t\t\t\t\t\t<div class=\"elementor-widget-wrap\">\n\t\t\t\t\t\t<div class=\"elementor-element elementor-element-273d360 elementor-widget elementor-widget-text-editor\" data-id=\"273d360\" data-element_type=\"widget\" data-widget_type=\"text-editor.default\">\n\t\t\t\t<div class=\"elementor-widget-container\">\n\t\t\t\t\t\t\t\t<div class=\"elementor-text-editor elementor-clearfix\">\n\t\t\t\t<h5><span style=\"color: #800000;\">Calcul des points :<\/span><\/h5><div><span style=\"color: #800000;\">Rencontre gagn\u00e9e 3 pts<\/span><br \/><span style=\"color: #800000;\">Match nul\u00a0 \u00a0 \u00a0 \u00a0 \u00a0 \u00a0 \u00a0 \u00a0 2 pts<\/span><br \/><span style=\"color: #800000;\">Rencontre perdue\u00a0 1 pts<\/span><br \/><span style=\"color: #800000;\">Le goal average et le classement seront calcul\u00e9s apr\u00e8s la derni\u00e8re rencontre.<\/span><\/div><div><span style=\"color: #800000;\">\u00a0<\/span><\/div><div><span style=\"color: #800000;\">Sous r\u00e9serve des mont\u00e9es ou descentes d&rsquo;\u00e9quipes de CRC, et en dehors de la premi\u00e8re division qui demandera un barrage pour l&rsquo;accession en CRC, les premiers de poules montent en division sup\u00e9rieure, les deuxi\u00e8mes, troisi\u00e8mes et quatri\u00e8mes sont maintenus et les cinqui\u00e8mes et sixi\u00e8mes descendent en division inf\u00e9rieure.<\/span><span style=\"color: #800000;\"><br \/><\/span><\/div>\t\t\t\t\t<\/div>\n\t\t\t\t\t\t<\/div>\n\t\t\t\t<\/div>\n\t\t\t\t\t\t<\/div>\n\t\t\t\t\t<\/div>\n\t\t<\/div>\n\t\t\t\t\t\t\t\t<\/div>\n\t\t\t\t\t<\/div>\n\t\t<\/section>\n\t\t\t\t\t\t\t\t\t<\/div>\n\t\t\t<\/div>\n\t\t\t\t\t<\/div>\n\t\t","protected":false},"excerpt":{"rendered":"<p>Sous r\u00e9serve de modification de lieux de rencontres Les 1\/4 de finales des premiers de&#8230;<\/p>\n","protected":false},"author":1,"featured_media":0,"parent":0,"menu_order":0,"comment_status":"closed","ping_status":"closed","template":"","meta":{"footnotes":""},"class_list":["post-6080","page","type-page","status-publish","hentry"],"_links":{"self":[{"href":"https:\/\/www.ffpjp69.com\/index.php\/wp-json\/wp\/v2\/pages\/6080","targetHints":{"allow":["GET"]}}],"collection":[{"href":"https:\/\/www.ffpjp69.com\/index.php\/wp-json\/wp\/v2\/pages"}],"about":[{"href":"https:\/\/www.ffpjp69.com\/index.php\/wp-json\/wp\/v2\/types\/page"}],"author":[{"embeddable":true,"href":"https:\/\/www.ffpjp69.com\/index.php\/wp-json\/wp\/v2\/users\/1"}],"replies":[{"embeddable":true,"href":"https:\/\/www.ffpjp69.com\/index.php\/wp-json\/wp\/v2\/comments?post=6080"}],"version-history":[{"count":477,"href":"https:\/\/www.ffpjp69.com\/index.php\/wp-json\/wp\/v2\/pages\/6080\/revisions"}],"predecessor-version":[{"id":19596,"href":"https:\/\/www.ffpjp69.com\/index.php\/wp-json\/wp\/v2\/pages\/6080\/revisions\/19596"}],"wp:attachment":[{"href":"https:\/\/www.ffpjp69.com\/index.php\/wp-json\/wp\/v2\/media?parent=6080"}],"curies":[{"name":"wp","href":"https:\/\/api.w.org\/{rel}","templated":true}]}}