{"id":524,"date":"2019-08-03T08:13:31","date_gmt":"2019-08-03T06:13:31","guid":{"rendered":"http:\/\/www.ffpjp69.com\/?page_id=524"},"modified":"2026-04-26T15:58:42","modified_gmt":"2026-04-26T13:58:42","slug":"tete-a-tete","status":"publish","type":"page","link":"https:\/\/www.ffpjp69.com\/index.php\/tete-a-tete\/","title":{"rendered":"T\u00eate \u00e0 t\u00eate 2026"},"content":{"rendered":"\t\t<div data-elementor-type=\"wp-post\" data-elementor-id=\"524\" class=\"elementor elementor-524\">\n\t\t\t\t\t\t<div class=\"elementor-inner\">\n\t\t\t\t<div class=\"elementor-section-wrap\">\n\t\t\t\t\t\t\t\t\t<section class=\"elementor-section elementor-top-section elementor-element elementor-element-47a2eab elementor-section-boxed elementor-section-height-default elementor-section-height-default\" data-id=\"47a2eab\" data-element_type=\"section\">\n\t\t\t\t\t\t<div class=\"elementor-container elementor-column-gap-default\">\n\t\t\t\t\t\t\t<div class=\"elementor-row\">\n\t\t\t\t\t<div class=\"elementor-column elementor-col-100 elementor-top-column elementor-element elementor-element-843faaf\" data-id=\"843faaf\" data-element_type=\"column\">\n\t\t\t<div class=\"elementor-column-wrap elementor-element-populated\">\n\t\t\t\t\t\t\t<div class=\"elementor-widget-wrap\">\n\t\t\t\t\t\t<div class=\"elementor-element elementor-element-96d41aa elementor-widget elementor-widget-text-editor\" data-id=\"96d41aa\" data-element_type=\"widget\" data-widget_type=\"text-editor.default\">\n\t\t\t\t<div class=\"elementor-widget-container\">\n\t\t\t\t\t\t\t\t<div class=\"elementor-text-editor elementor-clearfix\">\n\t\t\t\t<hr>\n<h1 style=\"text-align: center;\"><strong style=\"color: #2c363a; font-family: arial, helvetica, sans-serif; font-size: 17.3333px;\"><span style=\"color: #ff0000; font-family: 'Helvetica Neue', Helvetica, Arial, sans-serif; font-size: 16px;\">ATTENTION !<\/span><\/strong><\/h1>\n<p style=\"text-align: center;\"><strong style=\"color: #2c363a; font-family: arial, helvetica, sans-serif; font-size: 17.3333px;\"><span style=\"color: #ff0000; font-family: 'Helvetica Neue', Helvetica, Arial, sans-serif; font-size: 16px;\">Tout joueur inscrit&nbsp; \u00e0 un qualificatif ouvrant \u00e0 un championnat de France et qui serait absent, devra se justifier sous 3 jours aupr\u00e8s du comit\u00e9 d\u00e9partemental sous peine de convocation en commission de discipline .<\/span><\/strong><\/p>\n<p style=\"text-align: left;\"><strong style=\"color: #2c363a; font-family: arial, helvetica, sans-serif; font-size: 17.3333px;\"><span style=\"color: #ff0000; font-family: 'Helvetica Neue', Helvetica, Arial, sans-serif; font-size: 16px;\">Le pr\u00e9sident du comit\u00e9 du Rh\u00f4ne .<\/span><\/strong><\/p>\n<p style=\"margin-bottom: 1rem; color: #2c363a; font-family: arial, helvetica, sans-serif; font-size: 17.3333px; background-color: #ffffff;\"><strong><span style=\"color: #ff0000; font-family: 'Helvetica Neue', Helvetica, Arial, sans-serif; font-size: 16px;\">Thierry LEBRETON<\/span><\/strong><\/p>\t\t\t\t\t<\/div>\n\t\t\t\t\t\t<\/div>\n\t\t\t\t<\/div>\n\t\t\t\t\t\t<\/div>\n\t\t\t\t\t<\/div>\n\t\t<\/div>\n\t\t\t\t\t\t\t\t<\/div>\n\t\t\t\t\t<\/div>\n\t\t<\/section>\n\t\t\t\t<section class=\"elementor-section elementor-top-section elementor-element elementor-element-5894b26 elementor-section-boxed elementor-section-height-default elementor-section-height-default\" data-id=\"5894b26\" data-element_type=\"section\">\n\t\t\t\t\t\t<div class=\"elementor-container elementor-column-gap-default\">\n\t\t\t\t\t\t\t<div class=\"elementor-row\">\n\t\t\t\t\t<div class=\"elementor-column elementor-col-100 elementor-top-column elementor-element elementor-element-4f1b57c\" data-id=\"4f1b57c\" data-element_type=\"column\">\n\t\t\t<div class=\"elementor-column-wrap elementor-element-populated\">\n\t\t\t\t\t\t\t<div class=\"elementor-widget-wrap\">\n\t\t\t\t\t\t<div class=\"elementor-element elementor-element-265adb9 elementor-widget elementor-widget-heading\" data-id=\"265adb9\" data-element_type=\"widget\" data-widget_type=\"heading.default\">\n\t\t\t\t<div class=\"elementor-widget-container\">\n\t\t\t<h2 class=\"elementor-heading-title elementor-size-default\">T\u00eate \u00e0 t\u00eate f\u00e9minins<\/h2>\t\t<\/div>\n\t\t\t\t<\/div>\n\t\t\t\t\t\t<\/div>\n\t\t\t\t\t<\/div>\n\t\t<\/div>\n\t\t\t\t\t\t\t\t<\/div>\n\t\t\t\t\t<\/div>\n\t\t<\/section>\n\t\t\t\t<section class=\"elementor-section elementor-top-section elementor-element elementor-element-305a285 elementor-section-boxed elementor-section-height-default elementor-section-height-default\" data-id=\"305a285\" data-element_type=\"section\">\n\t\t\t\t\t\t<div class=\"elementor-container elementor-column-gap-default\">\n\t\t\t\t\t\t\t<div class=\"elementor-row\">\n\t\t\t\t\t<div class=\"elementor-column elementor-col-100 elementor-top-column elementor-element elementor-element-73c7f76\" data-id=\"73c7f76\" data-element_type=\"column\">\n\t\t\t<div class=\"elementor-column-wrap elementor-element-populated\">\n\t\t\t\t\t\t\t<div class=\"elementor-widget-wrap\">\n\t\t\t\t\t\t<div class=\"elementor-element elementor-element-360c9fe elementor-widget elementor-widget-heading\" data-id=\"360c9fe\" data-element_type=\"widget\" data-widget_type=\"heading.default\">\n\t\t\t\t<div class=\"elementor-widget-container\">\n\t\t\t<h2 class=\"elementor-heading-title elementor-size-medium\"><a href=\"https:\/\/ludax.ffpjp69.com\/championnat\/Page_Rslt_20260425_CD_PET_069_ISF_0000.html\">TIRAGE ET RESULTATS<\/a><\/h2>\t\t<\/div>\n\t\t\t\t<\/div>\n\t\t\t\t\t\t<\/div>\n\t\t\t\t\t<\/div>\n\t\t<\/div>\n\t\t\t\t\t\t\t\t<\/div>\n\t\t\t\t\t<\/div>\n\t\t<\/section>\n\t\t\t\t<section class=\"elementor-section elementor-top-section elementor-element elementor-element-05f60b9 elementor-section-boxed elementor-section-height-default elementor-section-height-default\" data-id=\"05f60b9\" data-element_type=\"section\">\n\t\t\t\t\t\t<div class=\"elementor-container elementor-column-gap-default\">\n\t\t\t\t\t\t\t<div class=\"elementor-row\">\n\t\t\t\t\t<div class=\"elementor-column elementor-col-100 elementor-top-column elementor-element elementor-element-5e1ed20\" data-id=\"5e1ed20\" data-element_type=\"column\">\n\t\t\t<div class=\"elementor-column-wrap elementor-element-populated\">\n\t\t\t\t\t\t\t<div class=\"elementor-widget-wrap\">\n\t\t\t\t\t\t<div class=\"elementor-element elementor-element-a1436f8 elementor-widget elementor-widget-text-editor\" data-id=\"a1436f8\" data-element_type=\"widget\" data-widget_type=\"text-editor.default\">\n\t\t\t\t<div class=\"elementor-widget-container\">\n\t\t\t\t\t\t\t\t<div class=\"elementor-text-editor elementor-clearfix\">\n\t\t\t\t<h5 style=\"text-align: center;\">CHAMPIONNE&nbsp;&nbsp;&nbsp;&nbsp;&nbsp;&nbsp;&nbsp;&nbsp;&nbsp; Qualifi\u00e9e FRANCE&nbsp;<\/h5>\n<div style=\"text-align: center;\">PICARD EMMA<br>BRON&nbsp;<\/div>\n<h5 style=\"text-align: center;\">VICE-CHAMPIONNE &nbsp;&nbsp;&nbsp;&nbsp;&nbsp;&nbsp;&nbsp;&nbsp; Qualifi\u00e9e LIGUE<\/h5>\n<div style=\"text-align: center;\">VERNILE FLORIANE<br>BRON&nbsp;<\/div>\n<h5 style=\"text-align: center;\">Autres qualifi\u00e9es LIGUE<\/h5>\n<div style=\"text-align: center;\">&nbsp;PARODI CORALIE&nbsp;<br>DECINES<br>ESTEVE ELODIE<br>BRON<\/div>\n<p style=\"text-align: center;\">\n<\/p>\t\t\t\t\t<\/div>\n\t\t\t\t\t\t<\/div>\n\t\t\t\t<\/div>\n\t\t\t\t\t\t<\/div>\n\t\t\t\t\t<\/div>\n\t\t<\/div>\n\t\t\t\t\t\t\t\t<\/div>\n\t\t\t\t\t<\/div>\n\t\t<\/section>\n\t\t\t\t<section class=\"elementor-section elementor-top-section elementor-element elementor-element-98b26a2 elementor-section-boxed elementor-section-height-default elementor-section-height-default\" data-id=\"98b26a2\" data-element_type=\"section\">\n\t\t\t\t\t\t<div class=\"elementor-container elementor-column-gap-default\">\n\t\t\t\t\t\t\t<div class=\"elementor-row\">\n\t\t\t\t\t<div class=\"elementor-column elementor-col-100 elementor-top-column elementor-element elementor-element-ff2ff4a\" data-id=\"ff2ff4a\" data-element_type=\"column\">\n\t\t\t<div class=\"elementor-column-wrap elementor-element-populated\">\n\t\t\t\t\t\t\t<div class=\"elementor-widget-wrap\">\n\t\t\t\t\t\t<div class=\"elementor-element elementor-element-25133c8 elementor-widget elementor-widget-heading\" data-id=\"25133c8\" data-element_type=\"widget\" data-widget_type=\"heading.default\">\n\t\t\t\t<div class=\"elementor-widget-container\">\n\t\t\t<h2 class=\"elementor-heading-title elementor-size-default\"><br><br>T\u00eate \u00e0  t\u00eate senior\n<\/h2>\t\t<\/div>\n\t\t\t\t<\/div>\n\t\t\t\t\t\t<\/div>\n\t\t\t\t\t<\/div>\n\t\t<\/div>\n\t\t\t\t\t\t\t\t<\/div>\n\t\t\t\t\t<\/div>\n\t\t<\/section>\n\t\t\t\t<section class=\"elementor-section elementor-top-section elementor-element elementor-element-4d77c7d elementor-section-boxed elementor-section-height-default elementor-section-height-default\" data-id=\"4d77c7d\" data-element_type=\"section\">\n\t\t\t\t\t\t<div class=\"elementor-container elementor-column-gap-default\">\n\t\t\t\t\t\t\t<div class=\"elementor-row\">\n\t\t\t\t\t<div class=\"elementor-column elementor-col-100 elementor-top-column elementor-element elementor-element-bc146db\" data-id=\"bc146db\" data-element_type=\"column\">\n\t\t\t<div class=\"elementor-column-wrap elementor-element-populated\">\n\t\t\t\t\t\t\t<div class=\"elementor-widget-wrap\">\n\t\t\t\t\t\t<div class=\"elementor-element elementor-element-2004862 elementor-widget elementor-widget-heading\" data-id=\"2004862\" data-element_type=\"widget\" data-widget_type=\"heading.default\">\n\t\t\t\t<div class=\"elementor-widget-container\">\n\t\t\t<h2 class=\"elementor-heading-title elementor-size-medium\"><a href=\"https:\/\/ludax.ffpjp69.com\/championnat\/Page_Rslt_20260329_CD_PET_069_ISM_0000.html\">RESULTATS<\/a><\/h2>\t\t<\/div>\n\t\t\t\t<\/div>\n\t\t\t\t\t\t<\/div>\n\t\t\t\t\t<\/div>\n\t\t<\/div>\n\t\t\t\t\t\t\t\t<\/div>\n\t\t\t\t\t<\/div>\n\t\t<\/section>\n\t\t\t\t<section class=\"elementor-section elementor-top-section elementor-element elementor-element-22a6e44 elementor-section-boxed elementor-section-height-default elementor-section-height-default\" data-id=\"22a6e44\" data-element_type=\"section\">\n\t\t\t\t\t\t<div class=\"elementor-container elementor-column-gap-default\">\n\t\t\t\t\t\t\t<div class=\"elementor-row\">\n\t\t\t\t\t<div class=\"elementor-column elementor-col-100 elementor-top-column elementor-element elementor-element-4408e1c\" data-id=\"4408e1c\" data-element_type=\"column\">\n\t\t\t<div class=\"elementor-column-wrap elementor-element-populated\">\n\t\t\t\t\t\t\t<div class=\"elementor-widget-wrap\">\n\t\t\t\t\t\t<div class=\"elementor-element elementor-element-059d450 elementor-widget elementor-widget-text-editor\" data-id=\"059d450\" data-element_type=\"widget\" data-widget_type=\"text-editor.default\">\n\t\t\t\t<div class=\"elementor-widget-container\">\n\t\t\t\t\t\t\t\t<div class=\"elementor-text-editor elementor-clearfix\">\n\t\t\t\t<h5 style=\"text-align: center;\">CHAMPION &nbsp;&nbsp;&nbsp;&nbsp;&nbsp;&nbsp;&nbsp;&nbsp;&nbsp; Qualifi\u00e9 FRANCE<\/h5>\n<div style=\"text-align: center;\">BONETTO MICKAEL<br>BRON&nbsp;<\/div>\n<h5 style=\"text-align: center;\">VICE-CHAMPION &nbsp; &nbsp; &nbsp; &nbsp; Qualifi\u00e9 LIGUE<\/h5>\n<div style=\"text-align: center;\">SARRIO CHRISTOPHE&nbsp;<br>BRON&nbsp;<\/div>\n<h5 style=\"text-align: center;\">Autre qualifi\u00e9s LIGUE<\/h5>\n<div style=\"text-align: center;\">PERRAS BRUNO<br>CALADE<br>PITALOT ERWAN<br>DECINES&nbsp;<\/div>\n<p style=\"text-align: center;\">\n<\/p>\t\t\t\t\t<\/div>\n\t\t\t\t\t\t<\/div>\n\t\t\t\t<\/div>\n\t\t\t\t\t\t<\/div>\n\t\t\t\t\t<\/div>\n\t\t<\/div>\n\t\t\t\t\t\t\t\t<\/div>\n\t\t\t\t\t<\/div>\n\t\t<\/section>\n\t\t\t\t<section class=\"elementor-section elementor-top-section elementor-element elementor-element-934ced9 elementor-section-boxed elementor-section-height-default elementor-section-height-default\" data-id=\"934ced9\" data-element_type=\"section\">\n\t\t\t\t\t\t<div class=\"elementor-container elementor-column-gap-default\">\n\t\t\t\t\t\t\t<div class=\"elementor-row\">\n\t\t\t\t\t<div class=\"elementor-column elementor-col-100 elementor-top-column elementor-element elementor-element-ace4e2c\" data-id=\"ace4e2c\" data-element_type=\"column\">\n\t\t\t<div class=\"elementor-column-wrap elementor-element-populated\">\n\t\t\t\t\t\t\t<div class=\"elementor-widget-wrap\">\n\t\t\t\t\t\t<div class=\"elementor-element elementor-element-588edac elementor-widget elementor-widget-heading\" data-id=\"588edac\" data-element_type=\"widget\" data-widget_type=\"heading.default\">\n\t\t\t\t<div class=\"elementor-widget-container\">\n\t\t\t<h2 class=\"elementor-heading-title elementor-size-default\"><br>T\u00eate \u00e0  t\u00eate jeunes\n<\/h2>\t\t<\/div>\n\t\t\t\t<\/div>\n\t\t\t\t\t\t<\/div>\n\t\t\t\t\t<\/div>\n\t\t<\/div>\n\t\t\t\t\t\t\t\t<\/div>\n\t\t\t\t\t<\/div>\n\t\t<\/section>\n\t\t\t\t<section class=\"elementor-section elementor-top-section elementor-element elementor-element-fba2c41 elementor-section-boxed elementor-section-height-default elementor-section-height-default\" data-id=\"fba2c41\" data-element_type=\"section\">\n\t\t\t\t\t\t<div class=\"elementor-container elementor-column-gap-default\">\n\t\t\t\t\t\t\t<div class=\"elementor-row\">\n\t\t\t\t\t<div class=\"elementor-column elementor-col-100 elementor-top-column elementor-element elementor-element-57dc05e\" data-id=\"57dc05e\" data-element_type=\"column\">\n\t\t\t<div class=\"elementor-column-wrap elementor-element-populated\">\n\t\t\t\t\t\t\t<div class=\"elementor-widget-wrap\">\n\t\t\t\t\t\t<div class=\"elementor-element elementor-element-4e159bc elementor-widget elementor-widget-text-editor\" data-id=\"4e159bc\" data-element_type=\"widget\" data-widget_type=\"text-editor.default\">\n\t\t\t\t<div class=\"elementor-widget-container\">\n\t\t\t\t\t\t\t\t<div class=\"elementor-text-editor elementor-clearfix\">\n\t\t\t\t<hr \/><p style=\"text-align: center;\"><strong>28\/04\/2024<\/strong><\/p><hr \/><p style=\"text-align: center;\"><span style=\"color: #000000;\"><strong>CHAMPION DU RHONE MINIMES<\/strong><\/span><\/p><p style=\"text-align: center;\"><span style=\"color: #000000;\"><b>\u00a0<\/b><\/span><\/p><p style=\"text-align: center;\"><span style=\"color: #000000;\"><strong>VICE-CHAMPION DU RHONE MINIMES<\/strong><\/span><\/p><p style=\"text-align: center;\"><span style=\"color: #000000;\"><b>\u00a0<\/b><\/span><\/p><p style=\"text-align: center;\"><span style=\"color: #000000;\"><strong>CHAMPION\u00a0 DU RHONE CADETS<\/strong><\/span><\/p><p style=\"text-align: center;\"><span style=\"color: #000000;\"><b>\u00a0<\/b><\/span><\/p><p style=\"text-align: center;\"><span style=\"color: #000000;\"><b>VICE-CHAMPION DU RHONE CADETS<\/b><\/span><\/p><p style=\"text-align: center;\"><b><span style=\"color: #000080;\">\u00a0<\/span><span style=\"color: #000000;\">\u00a0<\/span><\/b><\/p><p style=\"text-align: center;\"><span style=\"color: #000000;\"><b>CHAMPION DU RHONE JUNIOR<\/b><\/span><\/p><p style=\"text-align: center;\"><span style=\"color: #000000;\"><b>\u00a0<\/b><\/span><\/p><p style=\"text-align: center;\"><span style=\"color: #000000;\"><b>VICE-CHAMPION DU RHONE JUNIOR<\/b><\/span><\/p><p style=\"text-align: center;\"><span style=\"color: #000000;\"><b>\u00a0<\/b><\/span><\/p>\t\t\t\t\t<\/div>\n\t\t\t\t\t\t<\/div>\n\t\t\t\t<\/div>\n\t\t\t\t\t\t<\/div>\n\t\t\t\t\t<\/div>\n\t\t<\/div>\n\t\t\t\t\t\t\t\t<\/div>\n\t\t\t\t\t<\/div>\n\t\t<\/section>\n\t\t\t\t\t\t\t\t\t<\/div>\n\t\t\t<\/div>\n\t\t\t\t\t<\/div>\n\t\t","protected":false},"excerpt":{"rendered":"<p>ATTENTION ! Tout joueur inscrit&nbsp; \u00e0 un qualificatif ouvrant \u00e0 un championnat de France et&#8230;<\/p>\n","protected":false},"author":1,"featured_media":0,"parent":0,"menu_order":0,"comment_status":"closed","ping_status":"closed","template":"","meta":{"footnotes":""},"class_list":["post-524","page","type-page","status-publish","hentry"],"_links":{"self":[{"href":"https:\/\/www.ffpjp69.com\/index.php\/wp-json\/wp\/v2\/pages\/524","targetHints":{"allow":["GET"]}}],"collection":[{"href":"https:\/\/www.ffpjp69.com\/index.php\/wp-json\/wp\/v2\/pages"}],"about":[{"href":"https:\/\/www.ffpjp69.com\/index.php\/wp-json\/wp\/v2\/types\/page"}],"author":[{"embeddable":true,"href":"https:\/\/www.ffpjp69.com\/index.php\/wp-json\/wp\/v2\/users\/1"}],"replies":[{"embeddable":true,"href":"https:\/\/www.ffpjp69.com\/index.php\/wp-json\/wp\/v2\/comments?post=524"}],"version-history":[{"count":204,"href":"https:\/\/www.ffpjp69.com\/index.php\/wp-json\/wp\/v2\/pages\/524\/revisions"}],"predecessor-version":[{"id":20066,"href":"https:\/\/www.ffpjp69.com\/index.php\/wp-json\/wp\/v2\/pages\/524\/revisions\/20066"}],"wp:attachment":[{"href":"https:\/\/www.ffpjp69.com\/index.php\/wp-json\/wp\/v2\/media?parent=524"}],"curies":[{"name":"wp","href":"https:\/\/api.w.org\/{rel}","templated":true}]}}