{"id":2142,"date":"2019-12-08T20:36:32","date_gmt":"2019-12-08T19:36:32","guid":{"rendered":"https:\/\/www.ffpjp69.com\/?page_id=2142"},"modified":"2026-03-19T14:13:33","modified_gmt":"2026-03-19T13:13:33","slug":"secteur-04","status":"publish","type":"page","link":"https:\/\/www.ffpjp69.com\/index.php\/secteur-04\/","title":{"rendered":"Secteur 04"},"content":{"rendered":"\t\t<div data-elementor-type=\"wp-page\" data-elementor-id=\"2142\" class=\"elementor elementor-2142\">\n\t\t\t\t\t\t<div class=\"elementor-inner\">\n\t\t\t\t<div class=\"elementor-section-wrap\">\n\t\t\t\t\t\t\t\t\t<section class=\"elementor-section elementor-top-section elementor-element elementor-element-8bf157a elementor-section-boxed elementor-section-height-default elementor-section-height-default\" data-id=\"8bf157a\" data-element_type=\"section\">\n\t\t\t\t\t\t<div class=\"elementor-container elementor-column-gap-default\">\n\t\t\t\t\t\t\t<div class=\"elementor-row\">\n\t\t\t\t\t<div class=\"elementor-column elementor-col-100 elementor-top-column elementor-element elementor-element-47c03a5\" data-id=\"47c03a5\" data-element_type=\"column\">\n\t\t\t<div class=\"elementor-column-wrap elementor-element-populated\">\n\t\t\t\t\t\t\t<div class=\"elementor-widget-wrap\">\n\t\t\t\t\t\t<div class=\"elementor-element elementor-element-11564c8 elementor-widget elementor-widget-text-editor\" data-id=\"11564c8\" data-element_type=\"widget\" data-widget_type=\"text-editor.default\">\n\t\t\t\t<div class=\"elementor-widget-container\">\n\t\t\t\t\t\t\t\t<div class=\"elementor-text-editor elementor-clearfix\">\n\t\t\t\t<header>\n<h1>&nbsp;<\/h1>\n<\/header>\n<div>\n<div>\n<table>\n<tbody>\n<tr>\n<td><strong>4026<\/strong><\/td>\n<td><strong>C.P. BRON TERRAILLON<\/strong><\/td>\n<td>09 75 24 79 83<\/td>\n<\/tr>\n<tr>\n<td>Si\u00e8ge<\/td>\n<td>Boulodrome H Bayada 8 rue Marcel Cerdan 69500 Bron<\/td>\n<td>&nbsp;<\/td>\n<\/tr>\n<tr>\n<td>Pr\u00e9sident<\/td>\n<td>Damien Ruiz<\/td>\n<td>&nbsp;<\/td>\n<\/tr>\n<tr>\n<td>Terrain<\/td>\n<td>&nbsp;<\/td>\n<td>&nbsp;<\/td>\n<\/tr>\n<tr>\n<td>@<\/td>\n<td>4026@ffpjp69.com<\/td>\n<td>&nbsp;06 18 99 41 88<\/td>\n<\/tr>\n<tr>\n<td>&nbsp;<\/td>\n<td>&nbsp;<\/td>\n<td>&nbsp;<\/td>\n<\/tr>\n<tr>\n<td><strong>4030<\/strong><\/td>\n<td><strong>CLUB DECINES P\u00e9tanque<\/strong><\/td>\n<td>06 23 41 13 19<\/td>\n<\/tr>\n<tr>\n<td>Si\u00e8ge<\/td>\n<td>38 av Jean Mac\u00e9 Parc des Sports R. Troussier 69150 D\u00e9cines<\/td>\n<td>&nbsp;<\/td>\n<\/tr>\n<tr>\n<td>Pr\u00e9sident<\/td>\n<td>Colombero \u00c9ric 10 all\u00e9e des \u00e9glantines 69150 D\u00e9cines<\/td>\n<td>&nbsp;<\/td>\n<\/tr>\n<tr>\n<td>Terrain<\/td>\n<td>&nbsp;<\/td>\n<td>&nbsp;<\/td>\n<\/tr>\n<tr>\n<td>@<\/td>\n<td>4030@ffpjp69.com<\/td>\n<td>&nbsp;<\/td>\n<\/tr>\n<tr>\n<td>&nbsp;<\/td>\n<td>&nbsp;<\/td>\n<td>&nbsp;<\/td>\n<\/tr>\n<tr>\n<td><strong>4047<\/strong><\/td>\n<td><strong>P\u00e9tanque CHASSIEU<\/strong><\/td>\n<td>07 64 06 36 76<\/td>\n<\/tr>\n<tr>\n<td>Si\u00e8ge<\/td>\n<td>Mairie de Chassieu BP 81 69682 Chassieu Cedex<\/td>\n<td>&nbsp;<\/td>\n<\/tr>\n<tr>\n<td>Pr\u00e9sident<\/td>\n<td>Dutois David 3 rue de Provence 69330 Meyzieu<\/td>\n<td>&nbsp;<\/td>\n<\/tr>\n<tr>\n<td>Terrain<\/td>\n<td>Chemin du Tr\u00e9ve 69680 Chassieu<\/td>\n<td>&nbsp;<\/td>\n<\/tr>\n<tr>\n<td>@<\/td>\n<td>4047@ffpjp69.com<\/td>\n<td>&nbsp;<\/td>\n<\/tr>\n<tr>\n<td>&nbsp;<\/td>\n<td>&nbsp;<\/td>\n<td>&nbsp;<\/td>\n<\/tr>\n<tr>\n<td><strong>4102<\/strong><\/td>\n<td><strong>A.S CHEMINOTS ST. PRIEST<\/strong><\/td>\n<td>06 43 07 15 47<\/td>\n<\/tr>\n<tr>\n<td>Si\u00e8ge<\/td>\n<td>21 rue Pierre S\u00e9mard 69800 Saint Priest<\/td>\n<td>&nbsp;<\/td>\n<\/tr>\n<tr>\n<td>Pr\u00e9sident<\/td>\n<td>Mellot Christophe 36 bis rue Antoine Briller 38540 Heyrieux<\/td>\n<td>&nbsp;<\/td>\n<\/tr>\n<tr>\n<td>Terrain<\/td>\n<td>21 rue Pierre S\u00e9mard 69800 Saint Priest<\/td>\n<td>&nbsp;<\/td>\n<\/tr>\n<tr>\n<td>@<\/td>\n<td>4102@ffpjp69.com<\/td>\n<td>&nbsp;<\/td>\n<\/tr>\n<tr>\n<td>&nbsp;<\/td>\n<td>&nbsp;<\/td>\n<td>&nbsp;<\/td>\n<\/tr>\n<tr>\n<td><strong>4106<\/strong><\/td>\n<td><strong>P\u00e9tanque du CLAIRON<\/strong><\/td>\n<td>&nbsp;<\/td>\n<\/tr>\n<tr>\n<td>Si\u00e8ge<\/td>\n<td>&nbsp;<\/td>\n<td>&nbsp;<\/td>\n<\/tr>\n<tr>\n<td>Pr\u00e9sident<\/td>\n<td>&nbsp;<\/td>\n<td>&nbsp;<\/td>\n<\/tr>\n<tr>\n<td>Terrain<\/td>\n<td>25 rue de la Cordi\u00e8re 69800 Saint Priest<\/td>\n<td>&nbsp;<\/td>\n<\/tr>\n<tr>\n<td>@<\/td>\n<td>4106@ffpjp69.com<\/td>\n<td>&nbsp;<\/td>\n<\/tr>\n<tr>\n<td>&nbsp;<\/td>\n<td>&nbsp;<\/td>\n<td>&nbsp;<\/td>\n<\/tr>\n<tr>\n<td><strong>4107<\/strong><\/td>\n<td><strong>A.P.VENISSIEUX MINGUETTES<\/strong><\/td>\n<td>06 68 54 09 58<\/td>\n<\/tr>\n<tr>\n<td>Si\u00e8ge<\/td>\n<td>6 rue Gabriel Faure 69200 Venissieux<\/td>\n<td>&nbsp;<\/td>\n<\/tr>\n<tr>\n<td>Pr\u00e9sident<\/td>\n<td>Gomis Jean-Pierre 10 rue Georges Charpak 69200 Venissieux<\/td>\n<td>&nbsp;<\/td>\n<\/tr>\n<tr>\n<td>Terrain<\/td>\n<td>&nbsp;<\/td>\n<td>&nbsp;<\/td>\n<\/tr>\n<tr>\n<td>@<\/td>\n<td>4107@ffpjp69.com<\/td>\n<td>&nbsp;<\/td>\n<\/tr>\n<tr>\n<td>&nbsp;<\/td>\n<td>&nbsp;<\/td>\n<td>&nbsp;<\/td>\n<\/tr>\n<tr>\n<td><strong>4108<\/strong><\/td>\n<td><strong>A.S. P\u00e9tanque des MINES<\/strong><\/td>\n<td>&nbsp;<\/td>\n<\/tr>\n<tr>\n<td>Si\u00e8ge<\/td>\n<td>Mairie de Communay Place de la Mairie 69360 Communay<\/td>\n<td>&nbsp;<\/td>\n<\/tr>\n<tr>\n<td>Pr\u00e9sident<\/td>\n<td>Jouve Fabrice 69360 Communay<\/td>\n<td>&nbsp;<\/td>\n<\/tr>\n<tr>\n<td>Terrain<\/td>\n<td>Salle Polyvalente de la Plaine Route de Marennes<\/td>\n<td>&nbsp;<\/td>\n<\/tr>\n<tr>\n<td>@<\/td>\n<td>4108@ffpjp69.com<\/td>\n<td>07 67 80 83 69<\/td>\n<\/tr>\n<tr>\n<td>&nbsp;<\/td>\n<td>&nbsp;<\/td>\n<td>&nbsp;<\/td>\n<\/tr>\n<tr>\n<td><strong>4110<\/strong><\/td>\n<td><strong>C.O. ST FONS<\/strong><\/td>\n<td>&nbsp;<\/td>\n<\/tr>\n<tr>\n<td>Si\u00e8ge<\/td>\n<td>62 Rue Carnot 69190 Saint Fons<\/td>\n<td>&nbsp;<\/td>\n<\/tr>\n<tr>\n<td>Pr\u00e9sident<\/td>\n<td>Alcaraz Cindie&nbsp; 11 rue M Liautey&nbsp; 69330 Meyzieu<\/td>\n<td>&nbsp;<\/td>\n<\/tr>\n<tr>\n<td>Terrain<\/td>\n<td>33 Av Albert Thomas&nbsp; 69190 Saint Fons<\/td>\n<td>&nbsp;<\/td>\n<\/tr>\n<tr>\n<td>@<\/td>\n<td>4110@ffpjp69.com<\/td>\n<td>06 41 76 49 74<\/td>\n<\/tr>\n<tr>\n<td>&nbsp;<\/td>\n<td>&nbsp;<\/td>\n<td>&nbsp;<\/td>\n<\/tr>\n<tr>\n<td><strong>4114<\/strong><\/td>\n<td><strong>DELTA P\u00e9tanque CORBAS<\/strong><\/td>\n<td>06 73 20 02 04<\/td>\n<\/tr>\n<tr>\n<td>Si\u00e8ge<\/td>\n<td>Mairie de Corbas Place Jocteur 69960 Corbas<\/td>\n<td>&nbsp;<\/td>\n<\/tr>\n<tr>\n<td>Pr\u00e9sident<\/td>\n<td>Coupet Jos\u00e9 Pierre<\/td>\n<td>&nbsp;<\/td>\n<\/tr>\n<tr>\n<td>Terrain<\/td>\n<td>Stade des Taillis<\/td>\n<td>&nbsp;<\/td>\n<\/tr>\n<tr>\n<td>@<\/td>\n<td>4114@ffpjp69.com<\/td>\n<td>&nbsp;&nbsp;<\/td>\n<\/tr>\n<tr>\n<td>&nbsp;<\/td>\n<td>&nbsp;<\/td>\n<td>&nbsp;<\/td>\n<\/tr>\n<tr>\n<td><strong>4124<\/strong><\/td>\n<td><strong>MIONS P\u00e9tanque<\/strong><\/td>\n<td>06 81 65 61 45<\/td>\n<\/tr>\n<tr>\n<td>Si\u00e8ge<\/td>\n<td>Maison des Association 7-9 all\u00e9e du Ch\u00e2teau 69780 Mions<\/td>\n<td>&nbsp;<\/td>\n<\/tr>\n<tr>\n<td>Pr\u00e9sident<\/td>\n<td>Moreira Gary 24 rue du 11 nov. 69780 Mions<\/td>\n<td>&nbsp;<\/td>\n<\/tr>\n<tr>\n<td>Terrain<\/td>\n<td>Plateau Jean Tardy 23 rue du 11 Novembre 1918 69780 Mions<\/td>\n<td>&nbsp;<\/td>\n<\/tr>\n<tr>\n<td>@<\/td>\n<td>4124@ffpjp69.com<\/td>\n<td>&nbsp;<\/td>\n<\/tr>\n<tr>\n<td>&nbsp;<\/td>\n<td>&nbsp;<\/td>\n<td>&nbsp;<\/td>\n<\/tr>\n<tr>\n<td><strong>4125<\/strong><\/td>\n<td><strong>C.S. OZON P\u00e9tanque<\/strong><\/td>\n<td>06 15 91 12 39<\/td>\n<\/tr>\n<tr>\n<td>Si\u00e8ge<\/td>\n<td>Rue des Ecoles 69360 St Symphorien d\u2019Ozon<\/td>\n<td>&nbsp;<\/td>\n<\/tr>\n<tr>\n<td>Pr\u00e9sident<\/td>\n<td>Budynek Jean Michel&nbsp; 90 rue des chenevis 69360 Solaize&nbsp;<\/td>\n<td>&nbsp;<\/td>\n<\/tr>\n<tr>\n<td>Terrain<\/td>\n<td>Rue des&nbsp; &nbsp;Ecoles 69360 St Symphorien d\u2019Ozon<\/td>\n<td>&nbsp;<\/td>\n<\/tr>\n<tr>\n<td>@<\/td>\n<td>4125@ffpjp69.com<\/td>\n<td>&nbsp;<\/td>\n<\/tr>\n<tr>\n<td>&nbsp;<\/td>\n<td>&nbsp;<\/td>\n<td>&nbsp;<\/td>\n<\/tr>\n<tr>\n<td><strong>4126<\/strong><\/td>\n<td><strong>S.A.L ST PRIEST P\u00e9tanque<\/strong><\/td>\n<td>06 33 85 86 96<\/td>\n<\/tr>\n<tr>\n<td>Si\u00e8ge<\/td>\n<td>1185 avenue des Temps Modernes 69800 Saint Priest<\/td>\n<td>&nbsp;<\/td>\n<\/tr>\n<tr>\n<td>Pr\u00e9sident<\/td>\n<td>Hansi Gilles 89 rue Marius Berliet 69008 Lyon<\/td>\n<td>&nbsp;<\/td>\n<\/tr>\n<tr>\n<td>Terrain<\/td>\n<td>&nbsp;<\/td>\n<td>&nbsp;<\/td>\n<\/tr>\n<tr>\n<td>@<\/td>\n<td>4126@ffpjp69.com<\/td>\n<td>&nbsp;<\/td>\n<\/tr>\n<tr>\n<td>&nbsp;<\/td>\n<td>&nbsp;<\/td>\n<td>&nbsp;<\/td>\n<\/tr>\n<tr>\n<td><strong>4137<\/strong><\/td>\n<td><strong>TERNAY PETANQUE<\/strong><\/td>\n<td>06 86 56 63 92<\/td>\n<\/tr>\n<tr>\n<td>Si\u00e8ge<\/td>\n<td>Restaurant Chez Roberto Place de l\u2019\u00e9glise 69360 Ternay<\/td>\n<td>&nbsp;<\/td>\n<\/tr>\n<tr>\n<td>Pr\u00e9sident<\/td>\n<td>Devidal Daniel 71 rue de la Paix 38670 Chasse \/ Rh\u00f4ne<\/td>\n<td>&nbsp;<\/td>\n<\/tr>\n<tr>\n<td>Terrain<\/td>\n<td>Espace du Deves Rue des sports 69360 Ternay (stade de foot)<\/td>\n<td>&nbsp;<\/td>\n<\/tr>\n<tr>\n<td>@<\/td>\n<td>4137@ffpjp69.com<\/td>\n<td>&nbsp;<\/td>\n<\/tr>\n<tr>\n<td>&nbsp;<\/td>\n<td>&nbsp;<\/td>\n<td>&nbsp;<\/td>\n<\/tr>\n<tr>\n<td>&nbsp;<\/td>\n<td>&nbsp;<\/td>\n<td>&nbsp;<\/td>\n<\/tr>\n<tr>\n<td>&nbsp;<\/td>\n<td>&nbsp;<\/td>\n<td>&nbsp;<\/td>\n<\/tr>\n<tr>\n<td>&nbsp;<\/td>\n<td>&nbsp;<\/td>\n<td>&nbsp;<\/td>\n<\/tr>\n<tr>\n<td>&nbsp;<\/td>\n<td>&nbsp;<\/td>\n<td>&nbsp;<\/td>\n<\/tr>\n<tr>\n<td>&nbsp;<\/td>\n<td>&nbsp;<\/td>\n<td>&nbsp;<\/td>\n<\/tr>\n<tr>\n<td>&nbsp;<\/td>\n<td>&nbsp;<\/td>\n<td>&nbsp;<\/td>\n<\/tr>\n<tr>\n<td><strong>4144<\/strong><\/td>\n<td><strong>PETANQUE MUROISE<\/strong><\/td>\n<td>06 50 91 83 09<\/td>\n<\/tr>\n<tr>\n<td>Si\u00e8ge<\/td>\n<td>Sim 7 Andr\u00e9 Malraux 69720 St Laurent de Mure<\/td>\n<td>&nbsp;<\/td>\n<\/tr>\n<tr>\n<td>Pr\u00e9sident<\/td>\n<td>PRIMAT Dominique&nbsp;&nbsp; 6 chemin des engrives&nbsp; 69720 St Laurent de Mure<\/td>\n<td>&nbsp;<\/td>\n<\/tr>\n<tr>\n<td>Terrain<\/td>\n<td>Espace P\u00e9tanque face au 12 Route de Dormon 69720 St Bonnet de Mure<\/td>\n<td>&nbsp;<\/td>\n<\/tr>\n<tr>\n<td>@<\/td>\n<td>4144@ffpjp69.com<\/td>\n<td>&nbsp;<\/td>\n<\/tr>\n<tr>\n<td>&nbsp;<\/td>\n<td>&nbsp;<\/td>\n<td>&nbsp;<\/td>\n<\/tr>\n<tr>\n<td><strong>4146<\/strong><\/td>\n<td><strong>A.S. CHAPONNAY P\u00e9tanque<\/strong><\/td>\n<td>&nbsp;06 78 45 89 37<\/td>\n<\/tr>\n<tr>\n<td>Si\u00e8ge<\/td>\n<td>2 place de la Mairie 69970 Chaponnay<\/td>\n<td>&nbsp;<\/td>\n<\/tr>\n<tr>\n<td>Pr\u00e9sident<\/td>\n<td>Pair Eric&nbsp;&nbsp; mont\u00e9e de rognard&nbsp; 69970 Chaponnay<\/td>\n<td>&nbsp;<\/td>\n<\/tr>\n<tr>\n<td>Terrain<\/td>\n<td>Complexe sportif Gil Laforet 1 rue du Stade 69970 Chaponnay<\/td>\n<td>&nbsp;<\/td>\n<\/tr>\n<tr>\n<td>@<\/td>\n<td>4146@ffpjp69.com<\/td>\n<td>&nbsp;<\/td>\n<\/tr>\n<tr>\n<td>&nbsp;<\/td>\n<td>&nbsp;<\/td>\n<td>&nbsp;<\/td>\n<\/tr>\n<tr>\n<td><strong>4148<\/strong><\/td>\n<td><strong>P\u00e9tanque Club PUSIGNAN<\/strong><\/td>\n<td>07 57 46 61 57<\/td>\n<\/tr>\n<tr>\n<td>Si\u00e8ge<\/td>\n<td>Mairie de Pusignan 69330 Pusignan<\/td>\n<td>&nbsp;<\/td>\n<\/tr>\n<tr>\n<td>Pr\u00e9sident<\/td>\n<td>Perrin Dominique&nbsp; 5 imp. de pellan&nbsp; 31118 Hyeres\/Amby<\/td>\n<td>&nbsp;<\/td>\n<\/tr>\n<tr>\n<td>Terrain<\/td>\n<td>126 \u00e0 130 route Nationale 69330 Pusignan<\/td>\n<td>&nbsp;<\/td>\n<\/tr>\n<tr>\n<td>@<\/td>\n<td>4148@ffpjp69.com<\/td>\n<td>&nbsp;<\/td>\n<\/tr>\n<tr>\n<td>&nbsp;<\/td>\n<td>&nbsp;<\/td>\n<td>&nbsp;<\/td>\n<\/tr>\n<tr>\n<td><strong>4150<\/strong><\/td>\n<td><strong>PETANQUE ASSOCIATIVE COLOMBIER SAUGNIEU<br><\/strong><\/td>\n<td>07 70 46 86 15<\/td>\n<\/tr>\n<tr>\n<td>Si\u00e8ge<\/td>\n<td>90 rue de la Mairie 69124 Colombier Saugnieu<\/td>\n<td>&nbsp;<\/td>\n<\/tr>\n<tr>\n<td>Pr\u00e9sident<\/td>\n<td>Gonnet Patrice 41 rue du Village 38230 Charvieu<\/td>\n<td>&nbsp;<\/td>\n<\/tr>\n<tr>\n<td>Terrain<\/td>\n<td>Stade Municipal 524 route du Stade 69124 Colombier Saugnieu<\/td>\n<td>&nbsp;<\/td>\n<\/tr>\n<tr>\n<td>@<\/td>\n<td>4150@ffpjp69.com<\/td>\n<\/tr>\n<\/tbody>\n<\/table>\n<\/div>\n<\/div>\n<table>\n<tbody>\n<tr>\n<td>&nbsp;<strong>4152&nbsp;&nbsp;<\/strong><\/td>\n<td>&nbsp;<strong>PETANQUE AIL MANISSIEUX<\/strong><\/td>\n<td>06 98 70 84 59<\/td>\n<\/tr>\n<tr>\n<td>Si\u00e8ge<\/td>\n<td>&nbsp;Salle Milan&nbsp; Place honore de Balzac&nbsp; 69800 St Priest<\/td>\n<td>&nbsp;<\/td>\n<\/tr>\n<tr>\n<td>Pr\u00e9sident<\/td>\n<td>&nbsp;Jullian Michel&nbsp; 59 rue Marechal&nbsp; 69800 st Priest<\/td>\n<td>&nbsp;<\/td>\n<\/tr>\n<tr>\n<td>Terrain<\/td>\n<td>&nbsp;63 rue de Savoie&nbsp; 69800 St Priest<\/td>\n<td>&nbsp;<\/td>\n<\/tr>\n<tr>\n<td>@<\/td>\n<td>4152@ffpjp69.com<\/td>\n<td>&nbsp;<\/td>\n<\/tr>\n<\/tbody>\n<\/table>\t\t\t\t\t<\/div>\n\t\t\t\t\t\t<\/div>\n\t\t\t\t<\/div>\n\t\t\t\t\t\t<\/div>\n\t\t\t\t\t<\/div>\n\t\t<\/div>\n\t\t\t\t\t\t\t\t<\/div>\n\t\t\t\t\t<\/div>\n\t\t<\/section>\n\t\t\t\t\t\t\t\t\t<\/div>\n\t\t\t<\/div>\n\t\t\t\t\t<\/div>\n\t\t","protected":false},"excerpt":{"rendered":"<p>&nbsp; 4026 C.P. BRON TERRAILLON 09 75 24 79 83 Si\u00e8ge Boulodrome H Bayada 8&#8230;<\/p>\n","protected":false},"author":1,"featured_media":0,"parent":0,"menu_order":0,"comment_status":"closed","ping_status":"closed","template":"","meta":{"footnotes":""},"class_list":["post-2142","page","type-page","status-publish","hentry"],"_links":{"self":[{"href":"https:\/\/www.ffpjp69.com\/index.php\/wp-json\/wp\/v2\/pages\/2142","targetHints":{"allow":["GET"]}}],"collection":[{"href":"https:\/\/www.ffpjp69.com\/index.php\/wp-json\/wp\/v2\/pages"}],"about":[{"href":"https:\/\/www.ffpjp69.com\/index.php\/wp-json\/wp\/v2\/types\/page"}],"author":[{"embeddable":true,"href":"https:\/\/www.ffpjp69.com\/index.php\/wp-json\/wp\/v2\/users\/1"}],"replies":[{"embeddable":true,"href":"https:\/\/www.ffpjp69.com\/index.php\/wp-json\/wp\/v2\/comments?post=2142"}],"version-history":[{"count":69,"href":"https:\/\/www.ffpjp69.com\/index.php\/wp-json\/wp\/v2\/pages\/2142\/revisions"}],"predecessor-version":[{"id":19111,"href":"https:\/\/www.ffpjp69.com\/index.php\/wp-json\/wp\/v2\/pages\/2142\/revisions\/19111"}],"wp:attachment":[{"href":"https:\/\/www.ffpjp69.com\/index.php\/wp-json\/wp\/v2\/media?parent=2142"}],"curies":[{"name":"wp","href":"https:\/\/api.w.org\/{rel}","templated":true}]}}